{"id":3026,"date":"2021-10-26T15:23:58","date_gmt":"2021-10-26T13:23:58","guid":{"rendered":"https:\/\/aquilae.be\/declaration-de-confidentialite\/"},"modified":"2021-10-26T15:26:28","modified_gmt":"2021-10-26T13:26:28","slug":"declaration-de-confidentialite","status":"publish","type":"page","link":"https:\/\/aquilae.be\/fr\/declaration-de-confidentialite\/","title":{"rendered":"D\u00e9claration de confidentialit\u00e9"},"content":{"rendered":"<div class=\"fusion-fullwidth fullwidth-box fusion-builder-row-1 fusion-flex-container nonhundred-percent-fullwidth non-hundred-percent-height-scrolling\" style=\"--awb-border-radius-top-left:0px;--awb-border-radius-top-right:0px;--awb-border-radius-bottom-right:0px;--awb-border-radius-bottom-left:0px;--awb-flex-wrap:wrap;\" ><div class=\"fusion-builder-row fusion-row fusion-flex-align-items-flex-start fusion-flex-content-wrap\" style=\"max-width:1248px;margin-left: calc(-4% \/ 2 );margin-right: calc(-4% \/ 2 );\"><div class=\"fusion-layout-column fusion_builder_column fusion-builder-column-0 fusion_builder_column_1_1 1_1 fusion-flex-column\" style=\"--awb-bg-size:cover;--awb-width-large:100%;--awb-margin-top-large:0px;--awb-spacing-right-large:1.92%;--awb-margin-bottom-large:0px;--awb-spacing-left-large:1.92%;--awb-width-medium:100%;--awb-spacing-right-medium:1.92%;--awb-spacing-left-medium:1.92%;--awb-width-small:100%;--awb-spacing-right-small:1.92%;--awb-spacing-left-small:1.92%;\"><div class=\"fusion-column-wrapper fusion-flex-justify-content-flex-start fusion-content-layout-column\"><div class=\"fusion-text fusion-text-1\"><h2 class=\"fusion-responsive-typography-calculated\" style=\"--fontsize: 28; line-height: 1.2;\" data-fontsize=\"28\" data-lineheight=\"33.6px\">Traitement des donn\u00e9es et responsabilit\u00e9<\/h2>\n<p>Nous entendons par \u00ab traitement \u00bb toute op\u00e9ration r\u00e9alis\u00e9e avec des donn\u00e9es \u00e0 caract\u00e8re personnel, comme la collecte, la sauvegarde, la conservation, la consultation, l&rsquo;utilisation, la communication par diffusion, la suppression, l&rsquo;archivage ou la suppression de ces donn\u00e9es.<\/p>\n<p>Aquilae est responsable du traitement de vos donn\u00e9es \u00e0 caract\u00e8re personnel. Toute question \u00e0 ce sujet peut \u00eatre envoy\u00e9e par courrier \u00e0 l&rsquo;adresse Ottergemsesteenweg Zuid 808 B\/bus 109, 9000 Gand ou par voie \u00e9lectronique \u00e0 l&rsquo;adresse e-mail indiqu\u00e9e au bas de cette page.<\/p>\n<\/div><div class=\"fusion-text fusion-text-2\"><h2 class=\"fusion-responsive-typography-calculated\" style=\"--fontsize: 28; line-height: 1.2;\" data-fontsize=\"28\" data-lineheight=\"33.6px\">Quelles donn\u00e9es \u00e0 caract\u00e8re personnel traitons-nous ?<\/h2>\n<p>On entend par \u00ab\u00a0donn\u00e9es \u00e0 caract\u00e8re personnel \u00bb toute information relative \u00e0 une personne physique identifi\u00e9e ou identifiable.<\/p>\n<p>Les donn\u00e9es \u00e0 caract\u00e8re personnel que nous traitons sont les donn\u00e9es que vous nous communiquez, telles que les donn\u00e9es d&rsquo;utilisateur (par exemple : nom, pr\u00e9nom, sexe, langue, adresse, num\u00e9ro de t\u00e9l\u00e9phone, adresse e-mail, \u00e2ge, num\u00e9ro de compte bancaire et donn\u00e9es similaires, copie de votre carte d&rsquo;identit\u00e9, hobby), les donn\u00e9es de localisation si d&rsquo;application et les donn\u00e9es que nous recevons lorsque vous utilisez nos services (par exemple fr\u00e9quence des visites sur nos sites web).<\/p>\n<p>Nous ne prenons des d\u00e9cisions sur la base de donn\u00e9es trait\u00e9es automatiquement que si cela est n\u00e9cessaire \u00e0 la conclusion ou \u00e0 l&rsquo;ex\u00e9cution d&rsquo;un contrat (lors de l&rsquo;octroi d&rsquo;un cr\u00e9dit par exemple) ou si vous y avez consenti.<\/p>\n<p>Nous ne traitons pas de donn\u00e9es dites \u00ab\u00a0sensibles\u00a0\u00bb telles que les donn\u00e9es relatives, par exemple, \u00e0 votre origine raciale ou ethnique, vos convictions politiques, religieuses ou philosophiques, votre vie et\/ou votre orientation sexuelle et votre sant\u00e9 (N.B. la liste n&rsquo;est probablement pas exhaustive). Si nous devons \u00eatre contraints de traiter ces donn\u00e9es, nous ne le ferons qu&rsquo;avec votre consentement explicite et \u00e0 des fins qui vous ont \u00e9t\u00e9 pr\u00e9cis\u00e9es au pr\u00e9alable, ou si le traitement est n\u00e9cessaire dans le cadre du droit du travail, de la s\u00e9curit\u00e9 sociale, de la m\u00e9decine pr\u00e9ventive ou de la m\u00e9decine du travail.<\/p>\n<\/div><div class=\"fusion-text fusion-text-3\"><h2 class=\"fusion-responsive-typography-calculated\" style=\"--fontsize: 28; line-height: 1.2;\" data-fontsize=\"28\" data-lineheight=\"33.6px\">\u00c0 quelles fins et sur quelle base utilisons-nous les donn\u00e9es que vous nous communiquez ?<\/h2>\n<p>Nous utilisons les donn\u00e9es personnelles que vous nous communiquez \u00e0 des fins diverses telles que:<\/p>\n<ul>\n<li>dans le cadre de la gestion de notre relation contractuelle et des services qui en d\u00e9coulent (par exemple, l&rsquo;utilisation de vos coordonn\u00e9es t\u00e9l\u00e9phoniques pour vous informer ou pour am\u00e9liorer nos produits et nos services, entre autres en demandant un feed-back par le biais d&rsquo;enqu\u00eates de satisfaction) ;<\/li>\n<li>aux fins pour lesquelles vous nous avez donn\u00e9 votre consentement (par exemple, l&rsquo;utilisation de votre adresse e-mail si vous avez choisi de recevoir des lettres d&rsquo;information concernant nos produits par ce canal)\u00a0; la r\u00e9alisation d&rsquo;analyses statistiques (par exemple, l&rsquo;utilisation de vos donn\u00e9es anonymis\u00e9es pour \u00e9tudier la fr\u00e9quence des visites de nos lieux de travail)\u00a0;<\/li>\n<li>pour se conformer aux obligations l\u00e9gales ou aux r\u00e9glementations auxquelles nous sommes soumis\u00a0;<\/li>\n<li>lorsque nous avons un int\u00e9r\u00eat l\u00e9gitime \u00e0 les traiter, entre autres dans le cadre de la pr\u00e9vention et de la lutte contre la fraude, tout en veillant \u00e0 maintenir un \u00e9quilibre entre cet int\u00e9r\u00eat et le respect de la vie priv\u00e9e\u00a0;<\/li>\n<li>de mani\u00e8re pseudonyme \u00e0 des fins commerciales sans que les donn\u00e9es soient li\u00e9es \u00e0 votre personne.<\/li>\n<\/ul>\n<p>Nous pouvons \u00eatre amen\u00e9s \u00e0 transf\u00e9rer vos donn\u00e9es au sein d&rsquo;entreprises appartenant \u00e0 Aquilae dans le cadre de la r\u00e9alisation des objectifs susmentionn\u00e9s.<\/p>\n<p>Nous ne transmettons pas les donn\u00e9es \u00e0 des tiers, sauf\u00a0:<\/p>\n<ul>\n<li>aux membres du r\u00e9seau de marques que nous distribuons\u00a0;<\/li>\n<li>lorsque nous sommes l\u00e9galement tenus de le faire (par exemple, \u00e0 la Centrale des cr\u00e9dits de la Banque nationale lors de l&rsquo;octroi d&rsquo;un cr\u00e9dit)\u00a0;<\/li>\n<li>lorsque nous sommes l\u00e9galement autoris\u00e9s \u00e0 le faire (par exemple, lors du transfert de nos droits et obligations en cas de cession de cr\u00e9ances)\u00a0;<\/li>\n<li>aux sous-traitants si c\u2019est n\u00e9cessaire \u00e0 l&rsquo;ex\u00e9cution de nos services (par exemple, l&rsquo;archivage \u00e9lectronique des factures)\u00a0;<\/li>\n<li>pour les mettre \u00e0 jour (notification \u00e0 Bpost lorsque le courrier est retourn\u00e9 en raison d&rsquo;un changement d&rsquo;adresse)\u00a0;<\/li>\n<li>avec votre consentement pr\u00e9alable.<\/li>\n<\/ul>\n<p>Si le traitement des donn\u00e9es, y compris par le biais d&rsquo;un sous-traitant, implique leur transfert en dehors de l&rsquo;Union europ\u00e9enne, nous veillerons \u00e0 ce que vos donn\u00e9es soient prot\u00e9g\u00e9es conform\u00e9ment \u00e0 la l\u00e9gislation europ\u00e9enne applicable.<\/p>\n<p>Nous nous assurons que tout tiers auquel nous transf\u00e9rons vos donn\u00e9es les traitera en toute s\u00e9curit\u00e9, tout comme nous le faisons, en prenant les mesures n\u00e9cessaires pour les prot\u00e9ger.<\/p>\n<\/div><div class=\"fusion-text fusion-text-4\"><h2>Comment prot\u00e9geons-nous vos donn\u00e9es et combien de temps les conservons-nous\u00a0?<\/h2>\n<p>Nous prenons toutes les mesures techniques et organisationnelles n\u00e9cessaires pour prot\u00e9ger vos donn\u00e9es \u00e0 caract\u00e8re personnel. Vos donn\u00e9es sont conserv\u00e9es aussi longtemps que n\u00e9cessaire pour le traitement pour lequel elles ont \u00e9t\u00e9 collect\u00e9es.<\/p>\n<p>La dur\u00e9e varie en fonction de l&rsquo;objectif final, par exemple:<\/p>\n<ul>\n<li>7 ans pour les documents \u00e9tablis dans un cadre comptable\/fiscal\u00a0;<\/li>\n<li>8 ans apr\u00e8s la fin de la relation contractuelle pour les preuves conserv\u00e9es dans le cadre de dossiers de litiges\u00a0;<\/li>\n<li>8 ans apr\u00e8s l&rsquo;ex\u00e9cution d&rsquo;une action commerciale rest\u00e9e sans suite.<\/li>\n<\/ul>\n<p>Parfois, le d\u00e9lai peut \u00eatre plus long, par exemple pour nous conformer \u00e0 nos obligations l\u00e9gales ou en cas de litige. \u00c0 la fin de la p\u00e9riode de conservation, les donn\u00e9es \u00e0 caract\u00e8re personnel sont anonymis\u00e9es, supprim\u00e9es ou rendues inutilisables.<\/p>\n<\/div><div class=\"fusion-text fusion-text-5\"><h2>Quels sont vos droits?<\/h2>\n<p>Les donn\u00e9es \u00e0 caract\u00e8re personnel que nous collectons\/que vous nous communiquez sont soumises aux droits suivants :<\/p>\n<ul>\n<li><u>Droit d&rsquo;acc\u00e8s \u00e0 et de transf\u00e9rabilit\u00e9 de vos donn\u00e9es.<\/u>\u00a0Vous avez le droit d&rsquo;acc\u00e9der \u00e0 vos donn\u00e9es \u00e0 caract\u00e8re personnel. Vous avez le droit d&rsquo;obtenir la confirmation que vos donn\u00e9es sont trait\u00e9es ou non, ainsi que d&rsquo;\u00eatre inform\u00e9 des fins auxquelles nous les traitons, du type de donn\u00e9es trait\u00e9es, des personnes auxquelles les donn\u00e9es sont communiqu\u00e9es et de la dur\u00e9e de conservation de ces donn\u00e9es. Vous avez \u00e9galement le droit de recevoir une copie des donn\u00e9es \u00e0 caract\u00e8re personnel que vous nous avez communiqu\u00e9es et de les transf\u00e9rer ou de les faire transf\u00e9rer par nos soins \u00e0 un autre responsable du traitement.<\/li>\n<li><u>Droit \u00e0 la correction\/suppression &#8211; droit d&rsquo;\u00eatre oubli\u00e9.<\/u>\u00a0Vous avez le droit de demander la rectification de vos donn\u00e9es \u00e0 caract\u00e8re personnel si vous constatez que celles-ci sont incorrectes ou incompl\u00e8tes. Vous avez \u00e9galement le droit de demander que vos donn\u00e9es \u00e0 caract\u00e8re personnel soient supprim\u00e9es lorsqu&rsquo;elles ne sont plus n\u00e9cessaires aux fins pour lesquelles elles ont \u00e9t\u00e9 collect\u00e9es. Si vous avez donn\u00e9 votre consentement pour le traitement de vos donn\u00e9es, vous avez la possibilit\u00e9 de retirer ce consentement \u00e0 tout moment.<\/li>\n<li><u>Droit d&rsquo;opposition \u00e0 l&rsquo;utilisation des donn\u00e9es \u00e0 des fins de marketing.<\/u>\u00a0Vous avez le droit de vous opposer, sans justification, au traitement de vos donn\u00e9es \u00e0 des fins de marketing direct ou de prospection.<\/li>\n<li><u>Droit \u00e0 la limitation du traitement.<\/u>\u00a0Vous avez le droit d&rsquo;obtenir la limitation du traitement de vos donn\u00e9es si vous contestez l&rsquo;exactitude des donn\u00e9es, si vous vous opposez \u00e0 la suppression des donn\u00e9es et demandez plut\u00f4t de limiter leur utilisation, ou si nous n&rsquo;avons plus besoin des donn\u00e9es pour le traitement mais que vous en avez encore besoin pour intenter, exercer ou \u00e9tayer une action en justice.<\/li>\n<li><u>Droit de d\u00e9poser une plainte aupr\u00e8s de l&rsquo;autorit\u00e9 de surveillance.<\/u> Si vous le souhaitez, vous pouvez toujours vous opposer au traitement de vos donn\u00e9es aupr\u00e8s de l&rsquo;Autorit\u00e9 de protection des donn\u00e9es (anciennement Commission de la protection de la vie priv\u00e9e) \u00e0 l&rsquo;adresse ci-dessous : Autorit\u00e9 de protection des donn\u00e9es, rue de la Presse 35, 1000 Bruxelles &#8211; commission@privacycommission.be<\/li>\n<\/ul>\n<p>Les quatre premiers droits peuvent \u00eatre exerc\u00e9s en nous contactant aux adresses mentionn\u00e9es dans la section \u00ab\u00a0Traitement des donn\u00e9es et responsabilit\u00e9\u00a0\u00bb.<\/p>\n<\/div><div class=\"fusion-text fusion-text-6\"><h2>Coordonn\u00e9es de notre Data Protection Officer<\/h2>\n<p><em>Afin de garantir la conformit\u00e9 de notre traitement des donn\u00e9es \u00e0 caract\u00e8re personnel avec la r\u00e9glementation en vigueur, un Data Protection Officer a \u00e9t\u00e9 d\u00e9sign\u00e9. Vous pouvez le contacter \u00e0 l&rsquo;adresse e-mail suivante :<\/em><\/p>\n<\/div><div ><a class=\"fusion-button button-flat fusion-button-default-size button-default fusion-button-default button-1 fusion-button-default-span fusion-button-default-type\" target=\"_self\" href=\"mailto:info@aquilae.be \"><span class=\"fusion-button-text awb-button__text awb-button__text--default\">info@aquilae.be\u00a0<\/span><\/a><\/div><\/div><\/div><\/div><\/div>\n","protected":false},"excerpt":{"rendered":"","protected":false},"author":1,"featured_media":0,"parent":0,"menu_order":0,"comment_status":"closed","ping_status":"closed","template":"","meta":{"_coblocks_attr":"","_coblocks_dimensions":"","_coblocks_responsive_height":"","_coblocks_accordion_ie_support":"","footnotes":""},"class_list":["post-3026","page","type-page","status-publish","hentry"],"_links":{"self":[{"href":"https:\/\/aquilae.be\/fr\/wp-json\/wp\/v2\/pages\/3026","targetHints":{"allow":["GET"]}}],"collection":[{"href":"https:\/\/aquilae.be\/fr\/wp-json\/wp\/v2\/pages"}],"about":[{"href":"https:\/\/aquilae.be\/fr\/wp-json\/wp\/v2\/types\/page"}],"author":[{"embeddable":true,"href":"https:\/\/aquilae.be\/fr\/wp-json\/wp\/v2\/users\/1"}],"replies":[{"embeddable":true,"href":"https:\/\/aquilae.be\/fr\/wp-json\/wp\/v2\/comments?post=3026"}],"version-history":[{"count":5,"href":"https:\/\/aquilae.be\/fr\/wp-json\/wp\/v2\/pages\/3026\/revisions"}],"predecessor-version":[{"id":3031,"href":"https:\/\/aquilae.be\/fr\/wp-json\/wp\/v2\/pages\/3026\/revisions\/3031"}],"wp:attachment":[{"href":"https:\/\/aquilae.be\/fr\/wp-json\/wp\/v2\/media?parent=3026"}],"curies":[{"name":"wp","href":"https:\/\/api.w.org\/{rel}","templated":true}]}}