{"id":2412,"date":"2021-10-12T16:17:18","date_gmt":"2021-10-12T14:17:18","guid":{"rendered":"https:\/\/aquilae.be\/nos-membres\/"},"modified":"2021-10-12T18:10:28","modified_gmt":"2021-10-12T16:10:28","slug":"reseau","status":"publish","type":"page","link":"https:\/\/aquilae.be\/fr\/reseau\/","title":{"rendered":"R\u00e9seau"},"content":{"rendered":"<p><div class=\"fusion-fullwidth fullwidth-box fusion-builder-row-1 fusion-flex-container nonhundred-percent-fullwidth non-hundred-percent-height-scrolling\" style=\"--awb-border-radius-top-left:0px;--awb-border-radius-top-right:0px;--awb-border-radius-bottom-right:0px;--awb-border-radius-bottom-left:0px;--awb-flex-wrap:wrap;\" ><div class=\"fusion-builder-row fusion-row fusion-flex-align-items-flex-start fusion-flex-content-wrap\" style=\"max-width:1248px;margin-left: calc(-4% \/ 2 );margin-right: calc(-4% \/ 2 );\"><div class=\"fusion-layout-column fusion_builder_column fusion-builder-column-0 fusion_builder_column_1_1 1_1 fusion-flex-column\" style=\"--awb-bg-size:cover;--awb-width-large:100%;--awb-margin-top-large:0px;--awb-spacing-right-large:1.92%;--awb-margin-bottom-large:20px;--awb-spacing-left-large:1.92%;--awb-width-medium:100%;--awb-order-medium:0;--awb-spacing-right-medium:1.92%;--awb-spacing-left-medium:1.92%;--awb-width-small:100%;--awb-order-small:0;--awb-spacing-right-small:1.92%;--awb-spacing-left-small:1.92%;\"><div class=\"fusion-column-wrapper fusion-column-has-shadow fusion-flex-justify-content-flex-start fusion-content-layout-column\"><div class=\"fusion-text fusion-text-1\"><style type=\"text\/css\">\n    @media(max-width:991px){\n        #asl-storelocator.asl-cont .asl-panel {order: 0;}\n    }\n<\/style>\n<section id=\"asl-storelocator\" class=\"asl-cont asl-template-3 asl-layout-0 asl-bg-0  asl-text-1\">\n    <div class=\"asl-wrapper mb-5\">\n        <div class=\"container\">\n                        <div class=\"row\">\n                <div class=\"col-12 p-0\">\n                    <div class=\"sl-main-cont\">\n                        <div class=\"row no-gutters\">\n                            <div id=\"asl-panel\" class=\"asl-panel col-md-5 col-lg-4\">\n                                <div class=\"asl-overlay\" id=\"map-loading\">\n                                  <div class=\"white\"><\/div>\n                                    <div class=\"sl-loading\"><img decoding=\"async\" style=\"margin-right: 10px;\" class=\"lazyload sl-loader\" src=\"data:image\/gif;base64,R0lGODlhAQABAAAAACH5BAEKAAEALAAAAAABAAEAAAICTAEAOw==\" data-orig-src=\"https:\/\/aquilae.be\/wp-content\/plugins\/agile-store-locator\/public\/Logo\/loading.gif\">Loading...<\/div>\n                                <\/div>\n                                <div class=\"asl-filter-sec hide\"><\/div>\n                                <!-- list -->\n                                <div class=\"asl-panel-inner\">\n                                    <div class=\"sl-filter-sec\">\n                                        <div class=\"asl-addr-search\">\n                                            <input value=\"\" id=\"sl-main-search\" type=\"text\" class=\"asl-search-address form-control\" placeholder=\"Enter your address\">\n                                            <span class=\"sl-search-btn\"><i title=\"Current Location\" class=\"asl-geo icon-direction\"><\/i><\/span>\n                                        <\/div>  \n                                    <\/div>\n                                    <div class=\"asl-filter-tabs media\">\n                                        <div class=\"input-group\">\n                                            <ul class=\"sl-filt-a-list nav nav-pills\" role=\"tablist\"><\/ul>  \n                                            <div class=\"input-group-append\">\n                                                <div class=\"aswth-btn hide\">\n                                                    <span class=\"aswth\">\n                                                        <input type=\"checkbox\" class=\"aswth-input\" id=\"aswth-id\" checked>\n                                                        <label for=\"aswth-id\"><\/label>\n                                                        <div class=\"aswth-text\">\n                                                            <div class=\"contentA\">OPEN<\/div>\n                                                            <div class=\"contentB\">ALL<\/div>\n                                                        <\/div>\n                                                    <\/span>\n                                                <\/div>\n                                            <\/div>\n                                        <\/div>\n                                    <\/div>\n                                    <div class=\"sl-main-cont-box\">\n                                        <div class=\"sl-list-wrapper\">\n                                            <ul id=\"p-statelist\" class=\"sl-list\">\n                                            <\/ul>\n                                        <\/div>\n                                    <\/div>\n                                <\/div>\n\n                                <div class=\"directions-cont hide\">\n                                    <div class=\"agile-modal-header\">\n                                        <button type=\"button\" class=\"close\"><span aria-hidden=\"true\">\u00d7<\/span><\/button>\n                                        <h4>Store Direction<\/h4>\n                                    <\/div>\n                                    <div class=\"rendered-directions\" style=\"direction: ltr;\"><\/div>\n                                <\/div>\n                            <\/div>\n                            <div class=\"col-md-7 col-lg-8 asl-map\">\n                                <div class=\"map-image\">\n                                    <div id=\"asl-map-canv\" class=\"asl-map-canv\"><\/div>\n                                    \n                                    <div id=\"agile-modal-direction\" class=\"agile-modal fade\">\n                                        <div class=\"agile-modal-backdrop-in\"><\/div>\n                                        <div class=\"agile-modal-dialog in\">\n                                            <div class=\"agile-modal-content\">\n                                                <div class=\"agile-modal-header\">\n                                                    <button type=\"button\" class=\"close-directions close\" data-dismiss=\"agile-modal\" aria-label=\"Close\"><span aria-hidden=\"true\">&times;<\/span><\/button>\n                                                    <h4>Get Your Directions<\/h4>\n                                                <\/div>\n                                                <div class=\"form-group\">\n                                                    <label for=\"frm-lbl\">From:<\/label>\n                                                    <input type=\"text\" class=\"form-control frm-place\" id=\"frm-lbl\" placeholder=\"Enter a Location\">\n                                                <\/div>\n                                                <div class=\"form-group\">\n                                                    <label for=\"frm-lbl\">To:<\/label>\n                                                    <input readonly=\"true\" type=\"text\"  class=\"directions-to form-control\" id=\"to-lbl\" placeholder=\"Prepopulated Destination Address\">\n                                                <\/div>\n                                                <div class=\"form-group mb-0\">\n                                                    <span for=\"frm-lbl\">Show Distance In<\/span>\n                                                    <label class=\"checkbox-inline\">\n                                                        <input type=\"radio\" name=\"dist-type\"  id=\"rbtn-km\" value=\"0\"> KM                                                    <\/label>\n                                                    <label class=\"checkbox-inline\">\n                                                        <input type=\"radio\" name=\"dist-type\" checked id=\"rbtn-mile\" value=\"1\"> Mile                                                    <\/label>\n                                                <\/div>\n                                                <div class=\"form-group mb-0\">\n                                                    <button type=\"submit\" class=\"btn btn-default btn-submit\">GET DIRECTIONS<\/button>\n                                                <\/div>\n                                            <\/div>\n                                        <\/div>\n                                    <\/div>\n\n                                    <div id=\"asl-geolocation-agile-modal\" class=\"agile-modal fade\">\n                                      <div class=\"agile-modal-backdrop-in\"><\/div>\n                                      <div class=\"agile-modal-dialog in\">\n                                        <div class=\"agile-modal-content\">\n                                          <button type=\"button\" class=\"close-directions close\" data-dismiss=\"agile-modal\" aria-label=\"Close\"><span aria-hidden=\"true\">&times;<\/span><\/button>\n                                                                                    <div class=\"form-group\">\n                                            <h4>Use my location to find the closest Service Provider near me<\/h4>\n                                          <\/div>\n                                          <div class=\"form-group text-center\">\n                                            <button type=\"button\" id=\"asl-btn-geolocation\" class=\"btn btn-block btn-default\">USE LOCATION<\/button>\n                                          <\/div>\n                                                                                  <\/div>\n                                      <\/div>\n                                    <\/div>\n                                <\/div>\n                            <\/div>\n                        <\/div>\n                    <\/div>\n                <\/div>\n            <\/div>\n        <\/div> \n    <\/div>\n<\/section>\n<script id=\"tmpl_list_item\" type=\"text\/x-jsrender\">\n    <li class=\"sl-item\" data-id=\"{{:id}}\">\n    {{if path}}\n    <div class=\"sl-img-cont\"><img decoding=\"async\" src=\"data:image\/gif;base64,R0lGODlhAQABAAAAACH5BAEKAAEALAAAAAABAAEAAAICTAEAOw==\" data-orig-src=\"https:\/\/aquilae.be\/wp-content\/uploads\/agile-store-locator\/Logo\/{{:path}}\" alt=\"\" class=\"lazyload img-fluid\" \/><\/div>\n    {{\/if}}\n    <div class=\"sl-addr-sec\">\n        <h3>{{:title}}<\/h3>\n        {{if categories}}\n            <div class=\"sl-cat-tag\">\n                <ul>\n                {{for categories}}\n                    <li>{{:name}}<\/li>\n                {{\/for}}\n                <\/ul>\n            <\/div>\n        {{\/if}}\n        <div class=\"addr-loc\">\n            <ul>\n                <li>\n                    <i class=\"icon-address-card-o\"><\/i>  \n                    <span>{{:address}}<\/span>\n                <\/li>\n                {{if phone}}\n                <li>\n                    <i class=\"icon-mobile-1\"><\/i>\n                    <a href=\"tel:{{:phone}}\">{{:phone}}<\/a>\n                <\/li>\n                {{\/if}}\n                {{if email}}\n                <li>\n                    <i class=\"icon-mail\"><\/i>\n                    <a href=\"mailto:{{:email}}\">{{:email}}<\/a>\n                <\/li>\n                {{\/if}}\n                {{if open_hours}}\n                <li>\n                    <i class=\"icon-clock\"><\/i>\n                    <span class=\"txt-hours\">{{:open_hours}}<\/span>\n                <\/li>\n                {{\/if}}\n            <\/ul>\n        <\/div>\n        <div class=\"sl-act-btns mt-2\">\n            <div class=\"row\">\n                <div class=\"col-7\">\n                    <a class=\"btn btn-asl s-direction\"><i class=\"icon-compass\"><\/i> Directions<\/a>\n                <\/div>\n                {{if dist_str}}\n                <div class=\"col-5\">\n                    <span class=\"sl-dist-calc\">{{:dist_str}}<\/span>\n                <\/div>\n                {{\/if}}\n            <\/div>\n        <\/div>\n    <\/div>\n    <\/li>\n<\/script>\n<script id=\"asl_too_tip\" type=\"text\/x-jsrender\">\n    {{if path}}\n    <div class=\"image_map_popup\" style=\"display:none\"><img class=\"lazyload\" decoding=\"async\" src=\"data:image\/gif;base64,R0lGODlhAQABAAAAACH5BAEKAAEALAAAAAABAAEAAAICTAEAOw==\" data-orig-src=\"{{:URL}}Logo\/{{:path}}\" \/><\/div>\n    {{\/if}}\n    <h3>{{:title}}<\/h3>\n    <div class=\"infowindowContent\">\n    <div class=\"info-box-cont\">\n      <div class=\"row\">\n        <div class=\"col-md-12\">\n          <div class=\"{{if path}}info-addr{{else}}info-addr w-100-p{{\/if}}\">\n            <div class=\"address\"><i class=\"icon-address-card-o\"><\/i><span>{{:address}}<\/span><\/div>\n            {{if phone}}\n            <div class=\"phone\"><i class=\"icon-mobile-1\"><\/i><a href=\"tel:{{:phone}}\">{{:phone}}<\/a><\/div>\n            {{\/if}}\n            {{if email}}\n            <div class=\"p-time\"><i class=\"icon-mail\"><\/i><a href=\"mailto:{{:email}}\" style=\"text-transform: lowercase\">{{:email}}<\/a><\/div>\n            {{\/if}}\n          <\/div>\n          {{if path}}\n          <div class=\"img_box\" style=\"display:none\">\n            <img class=\"lazyload\" decoding=\"async\" src=\"data:image\/gif;base64,R0lGODlhAQABAAAAACH5BAEKAAEALAAAAAABAAEAAAICTAEAOw==\" data-orig-src=\"{{:URL}}Logo\/{{:path}}\" alt=\"logo\">\n          <\/div>\n          {{\/if}}\n        <\/div>\n      <\/div>\n      <div class=\"row\">\n        <div class=\"col-md-12\">\n            <div class=\"asl-tt-details\">\n              {{if open_hours}}\n              <div class=\"p-time\"><i class=\"icon-clock\"><\/i> <span>{{:open_hours}}<\/span><\/div>\n              {{\/if}}\n              {{if show_categories && c_names}}\n              <div class=\"categories asl-p-0\"><i class=\"icon-tag\"><\/i><span>{{:c_names}}<\/span><\/div>\n              {{\/if}}\n              {{if dist_str}}\n              <div class=\"distance\">Distance: {{:dist_str}}<\/div>\n              {{\/if}}\n            <\/div>\n        <\/div>\n      <\/div>\n    <\/div>\n    <div class=\"asl-buttons\"><\/div>\n    <\/div><div class=\"arrow-down\"><\/div>\n<\/script>            \n\n<\/div><\/div><\/div><\/div><\/div><div class=\"fusion-fullwidth fullwidth-box fusion-builder-row-2 fusion-flex-container nonhundred-percent-fullwidth non-hundred-percent-height-scrolling\" style=\"--awb-border-radius-top-left:0px;--awb-border-radius-top-right:0px;--awb-border-radius-bottom-right:0px;--awb-border-radius-bottom-left:0px;--awb-flex-wrap:wrap;\" ><div class=\"fusion-builder-row fusion-row fusion-flex-align-items-flex-start fusion-flex-content-wrap\" style=\"max-width:1248px;margin-left: calc(-4% \/ 2 );margin-right: calc(-4% \/ 2 );\"><div class=\"fusion-layout-column fusion_builder_column fusion-builder-column-1 fusion_builder_column_1_1 1_1 fusion-flex-column\" style=\"--awb-bg-size:cover;--awb-width-large:100%;--awb-margin-top-large:0px;--awb-spacing-right-large:1.92%;--awb-margin-bottom-large:20px;--awb-spacing-left-large:1.92%;--awb-width-medium:100%;--awb-order-medium:0;--awb-spacing-right-medium:1.92%;--awb-spacing-left-medium:1.92%;--awb-width-small:100%;--awb-order-small:0;--awb-spacing-right-small:1.92%;--awb-spacing-left-small:1.92%;\"><div class=\"fusion-column-wrapper fusion-column-has-shadow fusion-flex-justify-content-flex-start fusion-content-layout-column\"><div class=\"fusion-text fusion-text-2\"><h2 class=\"fusion-responsive-typography-calculated\" style=\"text-align: center;\" data-fontsize=\"28\" data-lineheight=\"33.6px\">Nous unissons nos forces, nous nous inspirons mutuellement et nous nous entraidons.<\/h2>\n<p style=\"text-align: center;\">Ensemble, nous sommes constamment \u00e0 la recherche de possibilit\u00e9s pour poursuivre la professionnalisation de nos services et les renouveler. Nous avons toujours le m\u00eame objectif\u00a0en vue\u00a0: assurer le confort et la prosp\u00e9rit\u00e9 de nos clients.<\/p>\n<\/div><div style=\"text-align:center;\"><a class=\"fusion-button button-flat fusion-button-default-size button-default fusion-button-default button-1 fusion-button-default-span fusion-button-default-type\" target=\"_self\" href=\"https:\/\/aquilae.be\/fr\/a-propos-daquilae\/\"><span class=\"fusion-button-text awb-button__text awb-button__text--default\">\u00c0 propos d&rsquo;Aquilae<\/span><\/a><\/div><\/div><\/div><\/div><\/div><\/p>\n","protected":false},"excerpt":{"rendered":"","protected":false},"author":1,"featured_media":0,"parent":0,"menu_order":0,"comment_status":"closed","ping_status":"closed","template":"","meta":{"_coblocks_attr":"","_coblocks_dimensions":"","_coblocks_responsive_height":"","_coblocks_accordion_ie_support":"","footnotes":""},"class_list":["post-2412","page","type-page","status-publish","hentry"],"_links":{"self":[{"href":"https:\/\/aquilae.be\/fr\/wp-json\/wp\/v2\/pages\/2412","targetHints":{"allow":["GET"]}}],"collection":[{"href":"https:\/\/aquilae.be\/fr\/wp-json\/wp\/v2\/pages"}],"about":[{"href":"https:\/\/aquilae.be\/fr\/wp-json\/wp\/v2\/types\/page"}],"author":[{"embeddable":true,"href":"https:\/\/aquilae.be\/fr\/wp-json\/wp\/v2\/users\/1"}],"replies":[{"embeddable":true,"href":"https:\/\/aquilae.be\/fr\/wp-json\/wp\/v2\/comments?post=2412"}],"version-history":[{"count":17,"href":"https:\/\/aquilae.be\/fr\/wp-json\/wp\/v2\/pages\/2412\/revisions"}],"predecessor-version":[{"id":2552,"href":"https:\/\/aquilae.be\/fr\/wp-json\/wp\/v2\/pages\/2412\/revisions\/2552"}],"wp:attachment":[{"href":"https:\/\/aquilae.be\/fr\/wp-json\/wp\/v2\/media?parent=2412"}],"curies":[{"name":"wp","href":"https:\/\/api.w.org\/{rel}","templated":true}]}}