{"id":2333,"date":"2021-10-06T11:10:21","date_gmt":"2021-10-06T09:10:21","guid":{"rendered":"https:\/\/aquilae.be\/marketing-communication\/"},"modified":"2021-10-26T15:42:20","modified_gmt":"2021-10-26T13:42:20","slug":"expertises-marketing-communication","status":"publish","type":"page","link":"https:\/\/aquilae.be\/fr\/expertises\/marketing-communication","title":{"rendered":"Marketing &#038; communication"},"content":{"rendered":"<p><div class=\"fusion-fullwidth fullwidth-box fusion-builder-row-1 fusion-flex-container nonhundred-percent-fullwidth non-hundred-percent-height-scrolling\" style=\"--awb-border-radius-top-left:0px;--awb-border-radius-top-right:0px;--awb-border-radius-bottom-right:0px;--awb-border-radius-bottom-left:0px;--awb-padding-top:0%;--awb-padding-bottom:1%;--awb-padding-right-small:20px;--awb-padding-left-small:20px;--awb-margin-top:0px;--awb-flex-wrap:wrap;\" ><div class=\"fusion-builder-row fusion-row fusion-flex-align-items-center fusion-flex-content-wrap\" style=\"max-width:1248px;margin-left: calc(-4% \/ 2 );margin-right: calc(-4% \/ 2 );\"><div class=\"fusion-layout-column fusion_builder_column fusion-builder-column-0 fusion_builder_column_1_2 1_2 fusion-flex-column\" style=\"--awb-padding-right:77px;--awb-padding-right-small:0px;--awb-bg-size:cover;--awb-width-large:50%;--awb-margin-top-large:0px;--awb-spacing-right-large:3.84%;--awb-margin-bottom-large:20px;--awb-spacing-left-large:3.84%;--awb-width-medium:50%;--awb-order-medium:0;--awb-spacing-right-medium:3.84%;--awb-spacing-left-medium:3.84%;--awb-width-small:100%;--awb-order-small:0;--awb-spacing-right-small:1.92%;--awb-spacing-left-small:1.92%;\"><div class=\"fusion-column-wrapper fusion-column-has-shadow fusion-flex-justify-content-flex-start fusion-content-layout-column\"><div class=\"fusion-title title fusion-title-1 fusion-sep-none fusion-title-text fusion-title-size-two\" style=\"--awb-font-size:35px;\"><h2 class=\"fusion-title-heading title-heading-left sm-text-align-center fusion-responsive-typography-calculated\" style=\"font-family:&quot;Mulish&quot;;font-style:normal;font-weight:800;margin:0;letter-spacing:-1px;font-size:1em;--fontSize:35;line-height:1.2;\">Il est plus important que jamais de communiquer avec votre client!<\/h2><\/div><div class=\"fusion-image-element sm-text-align-center\" style=\"--awb-margin-top:5px;--awb-margin-bottom:20px;--awb-max-width:70px;--awb-caption-title-font-family:var(--h2_typography-font-family);--awb-caption-title-font-weight:var(--h2_typography-font-weight);--awb-caption-title-font-style:var(--h2_typography-font-style);--awb-caption-title-size:var(--h2_typography-font-size);--awb-caption-title-transform:var(--h2_typography-text-transform);--awb-caption-title-line-height:var(--h2_typography-line-height);--awb-caption-title-letter-spacing:var(--h2_typography-letter-spacing);\"><span class=\" fusion-imageframe imageframe-none imageframe-1 hover-type-none\"><img decoding=\"async\" width=\"141\" height=\"30\" title=\"aquilaet-separator\" src=\"data:image\/svg+xml,%3Csvg%20xmlns%3D%27http%3A%2F%2Fwww.w3.org%2F2000%2Fsvg%27%20width%3D%27141%27%20height%3D%2730%27%20viewBox%3D%270%200%20141%2030%27%3E%3Crect%20width%3D%27141%27%20height%3D%2730%27%20fill-opacity%3D%220%22%2F%3E%3C%2Fsvg%3E\" data-orig-src=\"https:\/\/aquilae.be\/wp-content\/uploads\/2021\/04\/aquilaet-separator-1.png\" alt class=\"lazyload img-responsive wp-image-3238\"\/><\/span><\/div><div class=\"fusion-text fusion-text-1 sm-text-align-center\"><p>Tout le monde est d&rsquo;accord sur ce point. Mais quel message ? Par quel canal ? Comment parvenir \u00e0 une interaction avec le client ou le prospect ? Ce sont des questions que se posent de nombreuses agences, surtout si elles veulent communiquer avec leurs clients de mani\u00e8re ind\u00e9pendante et distincte d&rsquo;une marque sp\u00e9cifique. Aquilae a beaucoup d&rsquo;expertise dans ce domaine.<\/p>\n<\/div><ul style=\"--awb-line-height:27.2px;--awb-icon-width:27.2px;--awb-icon-height:27.2px;--awb-icon-margin:11.2px;--awb-content-margin:38.4px;--awb-circlecolor:rgb(243, 146, 0);--awb-circle-yes-font-size:14.08px;\" class=\"fusion-checklist fusion-checklist-1 fusion-checklist-default type-icons\"><li class=\"fusion-li-item\" style=\"\"><span class=\"icon-wrapper circle-yes\"><i class=\"fusion-li-icon awb-icon-check\" aria-hidden=\"true\"><\/i><\/span><div class=\"fusion-li-item-content\">\n<p>Les messages et le contenu sont cr\u00e9\u00e9s pour diff\u00e9rentes agences, ce qui r\u00e9duit les co\u00fbts.<\/p>\n<\/div><\/li><li class=\"fusion-li-item\" style=\"\"><span class=\"icon-wrapper circle-yes\"><i class=\"fusion-li-icon awb-icon-check\" aria-hidden=\"true\"><\/i><\/span><div class=\"fusion-li-item-content\">\n<p>Contenu ind\u00e9pendant r\u00e9dig\u00e9 par des journalistes qui connaissent le secteur de l&rsquo;assurance.<\/p>\n<\/div><\/li><li class=\"fusion-li-item\" style=\"\"><span class=\"icon-wrapper circle-yes\"><i class=\"fusion-li-icon awb-icon-check\" aria-hidden=\"true\"><\/i><\/span><div class=\"fusion-li-item-content\">\n<p>\u00c9change de documents sur Blue Skyplatform, une plateforme de marketing en ligne sur laquelle des documents adapt\u00e9s \u00e0 l&rsquo;agence peuvent \u00eatre \u00e9tablis pr\u00eats \u00e0 \u00eatre imprim\u00e9s ou sous forme num\u00e9rique.<\/p>\n<\/div><\/li><li class=\"fusion-li-item\" style=\"\"><span class=\"icon-wrapper circle-yes\"><i class=\"fusion-li-icon awb-icon-check\" aria-hidden=\"true\"><\/i><\/span><div class=\"fusion-li-item-content\">\n<p>Magazine trimestriel Vision<\/p>\n<\/div><\/li><li class=\"fusion-li-item\" style=\"\"><span class=\"icon-wrapper circle-yes\"><i class=\"fusion-li-icon awb-icon-check\" aria-hidden=\"true\"><\/i><\/span><div class=\"fusion-li-item-content\">\n<p>Assistance par des sp\u00e9cialistes en communication<\/p>\n<\/div><\/li><\/ul><\/div><\/div><div class=\"fusion-layout-column fusion_builder_column fusion-builder-column-1 fusion_builder_column_1_2 1_2 fusion-flex-column\" style=\"--awb-overflow:hidden;--awb-bg-size:cover;--awb-border-radius:120px 12px 120px 12px;--awb-width-large:50%;--awb-margin-top-large:0px;--awb-spacing-right-large:3.84%;--awb-margin-bottom-large:20px;--awb-spacing-left-large:3.84%;--awb-width-medium:50%;--awb-order-medium:0;--awb-spacing-right-medium:3.84%;--awb-spacing-left-medium:3.84%;--awb-width-small:100%;--awb-order-small:0;--awb-spacing-right-small:1.92%;--awb-spacing-left-small:1.92%;\"><div class=\"fusion-column-wrapper fusion-column-has-shadow fusion-flex-justify-content-flex-start fusion-content-layout-column\"><div class=\"fusion-image-element sm-text-align-center\" style=\"--awb-caption-title-font-family:var(--h2_typography-font-family);--awb-caption-title-font-weight:var(--h2_typography-font-weight);--awb-caption-title-font-style:var(--h2_typography-font-style);--awb-caption-title-size:var(--h2_typography-font-size);--awb-caption-title-transform:var(--h2_typography-text-transform);--awb-caption-title-line-height:var(--h2_typography-line-height);--awb-caption-title-letter-spacing:var(--h2_typography-letter-spacing);\"><span class=\" fusion-imageframe imageframe-none imageframe-2 hover-type-none\"><img decoding=\"async\" width=\"1200\" height=\"1213\" title=\"media\" src=\"https:\/\/aquilae.be\/wp-content\/uploads\/2021\/04\/media.jpg\" data-orig-src=\"https:\/\/aquilae.be\/wp-content\/uploads\/2021\/04\/media-1200x1213.jpg\" alt class=\"lazyload img-responsive wp-image-3239\" srcset=\"data:image\/svg+xml,%3Csvg%20xmlns%3D%27http%3A%2F%2Fwww.w3.org%2F2000%2Fsvg%27%20width%3D%271978%27%20height%3D%272000%27%20viewBox%3D%270%200%201978%202000%27%3E%3Crect%20width%3D%271978%27%20height%3D%272000%27%20fill-opacity%3D%220%22%2F%3E%3C%2Fsvg%3E\" data-srcset=\"https:\/\/aquilae.be\/wp-content\/uploads\/2021\/04\/media-200x202.jpg 200w, https:\/\/aquilae.be\/wp-content\/uploads\/2021\/04\/media-400x404.jpg 400w, https:\/\/aquilae.be\/wp-content\/uploads\/2021\/04\/media-600x607.jpg 600w, https:\/\/aquilae.be\/wp-content\/uploads\/2021\/04\/media-800x809.jpg 800w, https:\/\/aquilae.be\/wp-content\/uploads\/2021\/04\/media-1200x1213.jpg 1200w\" data-sizes=\"auto\" data-orig-sizes=\"(max-width: 640px) 100vw, 600px\" \/><\/span><\/div><\/div><\/div><\/div><\/div><div class=\"fusion-fullwidth fullwidth-box fusion-builder-row-2 fusion-flex-container nonhundred-percent-fullwidth non-hundred-percent-height-scrolling\" style=\"--awb-border-radius-top-left:0px;--awb-border-radius-top-right:0px;--awb-border-radius-bottom-right:0px;--awb-border-radius-bottom-left:0px;--awb-padding-top:0px;--awb-flex-wrap:wrap;\" ><div class=\"fusion-builder-row fusion-row fusion-flex-align-items-center fusion-flex-content-wrap\" style=\"max-width:1248px;margin-left: calc(-4% \/ 2 );margin-right: calc(-4% \/ 2 );\"><div class=\"fusion-layout-column fusion_builder_column fusion-builder-column-2 fusion_builder_column_1_2 1_2 fusion-flex-column\" style=\"--awb-bg-size:cover;--awb-width-large:50%;--awb-margin-top-large:0px;--awb-spacing-right-large:3.84%;--awb-margin-bottom-large:20px;--awb-spacing-left-large:3.84%;--awb-width-medium:50%;--awb-order-medium:0;--awb-spacing-right-medium:3.84%;--awb-spacing-left-medium:3.84%;--awb-width-small:100%;--awb-order-small:0;--awb-spacing-right-small:1.92%;--awb-spacing-left-small:1.92%;\"><div class=\"fusion-column-wrapper fusion-column-has-shadow fusion-flex-justify-content-flex-start fusion-content-layout-column\"><div class=\"fusion-image-element sm-text-align-center\" style=\"--awb-caption-title-font-family:var(--h2_typography-font-family);--awb-caption-title-font-weight:var(--h2_typography-font-weight);--awb-caption-title-font-style:var(--h2_typography-font-style);--awb-caption-title-size:var(--h2_typography-font-size);--awb-caption-title-transform:var(--h2_typography-text-transform);--awb-caption-title-line-height:var(--h2_typography-line-height);--awb-caption-title-letter-spacing:var(--h2_typography-letter-spacing);\"><span class=\" fusion-imageframe imageframe-none imageframe-3 hover-type-none\"><a class=\"fusion-no-lightbox\" href=\"https:\/\/bit.ly\/3mGXCh1\" target=\"_self\" aria-label=\"Aquilae Vision\" rel=\"noopener\"><img decoding=\"async\" width=\"1920\" height=\"1658\" alt=\"Aquilae Vision\" src=\"https:\/\/aquilae.be\/wp-content\/uploads\/2021\/06\/aquilae-inzicht-mockup.jpg\" data-orig-src=\"https:\/\/aquilae.be\/wp-content\/uploads\/2021\/06\/aquilae-inzicht-mockup.jpg\" class=\"lazyload img-responsive wp-image-2336\" srcset=\"data:image\/svg+xml,%3Csvg%20xmlns%3D%27http%3A%2F%2Fwww.w3.org%2F2000%2Fsvg%27%20width%3D%271920%27%20height%3D%271658%27%20viewBox%3D%270%200%201920%201658%27%3E%3Crect%20width%3D%271920%27%20height%3D%271658%27%20fill-opacity%3D%220%22%2F%3E%3C%2Fsvg%3E\" data-srcset=\"https:\/\/aquilae.be\/wp-content\/uploads\/2021\/06\/aquilae-inzicht-mockup-200x173.jpg 200w, https:\/\/aquilae.be\/wp-content\/uploads\/2021\/06\/aquilae-inzicht-mockup-400x345.jpg 400w, https:\/\/aquilae.be\/wp-content\/uploads\/2021\/06\/aquilae-inzicht-mockup-600x518.jpg 600w, https:\/\/aquilae.be\/wp-content\/uploads\/2021\/06\/aquilae-inzicht-mockup-800x691.jpg 800w, https:\/\/aquilae.be\/wp-content\/uploads\/2021\/06\/aquilae-inzicht-mockup-1200x1036.jpg 1200w, https:\/\/aquilae.be\/wp-content\/uploads\/2021\/06\/aquilae-inzicht-mockup.jpg 1920w\" data-sizes=\"auto\" data-orig-sizes=\"(max-width: 640px) 100vw, 600px\" \/><\/a><\/span><\/div><\/div><\/div><div class=\"fusion-layout-column fusion_builder_column fusion-builder-column-3 fusion_builder_column_1_2 1_2 fusion-flex-column\" style=\"--awb-bg-size:cover;--awb-width-large:50%;--awb-margin-top-large:0px;--awb-spacing-right-large:3.84%;--awb-margin-bottom-large:20px;--awb-spacing-left-large:3.84%;--awb-width-medium:50%;--awb-order-medium:0;--awb-spacing-right-medium:3.84%;--awb-spacing-left-medium:3.84%;--awb-width-small:100%;--awb-order-small:0;--awb-spacing-right-small:1.92%;--awb-spacing-left-small:1.92%;\"><div class=\"fusion-column-wrapper fusion-column-has-shadow fusion-flex-justify-content-flex-start fusion-content-layout-column\"><div class=\"fusion-text fusion-text-2\"><h2 class=\"\" style=\"--fontsize: 28; line-height: 1.2;\" data-fontsize=\"28\" data-lineheight=\"33.6px\">Vision<\/h2>\n<p>&lsquo;Vision&rsquo; est l&rsquo;un des fleurons d&rsquo;Aquilae. Ce magazine trimestriel pr\u00e9sente des sujets lifestyle et des interviews, mais toujours sous l&rsquo;angle de l&rsquo;assurance. Il s&rsquo;agit d&rsquo;un magazine personnalis\u00e9, o\u00f9 chaque agence a \u00e0 sa disposition trois pages pour de propres publications. La r\u00e9daction de Vision se compose de journalistes et de copywriters professionnels. La distribution du magazine est payante.<\/p>\n<p><strong>Vous souhaitez un exemplaire de Vision?<\/strong><\/p>\n<\/div><div ><a class=\"fusion-button button-flat fusion-button-default-size button-default fusion-button-default button-1 fusion-button-default-span fusion-button-default-type\" target=\"_self\" href=\"https:\/\/aquilae.be\/fr\/contactez-nous\/\"><span class=\"fusion-button-text awb-button__text awb-button__text--default\">Demandez votre exemplaire ici<\/span><\/a><\/div><\/div><\/div><\/div><\/div><div class=\"fusion-fullwidth fullwidth-box fusion-builder-row-3 fusion-flex-container nonhundred-percent-fullwidth non-hundred-percent-height-scrolling\" style=\"--awb-border-radius-top-left:0px;--awb-border-radius-top-right:0px;--awb-border-radius-bottom-right:0px;--awb-border-radius-bottom-left:0px;--awb-flex-wrap:wrap;\" ><div class=\"fusion-builder-row fusion-row fusion-flex-align-items-center fusion-flex-content-wrap\" style=\"max-width:1248px;margin-left: calc(-4% \/ 2 );margin-right: calc(-4% \/ 2 );\"><div class=\"fusion-layout-column fusion_builder_column fusion-builder-column-4 fusion_builder_column_1_2 1_2 fusion-flex-column\" style=\"--awb-bg-size:cover;--awb-width-large:50%;--awb-margin-top-large:0px;--awb-spacing-right-large:3.84%;--awb-margin-bottom-large:20px;--awb-spacing-left-large:3.84%;--awb-width-medium:50%;--awb-order-medium:0;--awb-spacing-right-medium:3.84%;--awb-spacing-left-medium:3.84%;--awb-width-small:100%;--awb-order-small:0;--awb-spacing-right-small:1.92%;--awb-spacing-left-small:1.92%;\"><div class=\"fusion-column-wrapper fusion-column-has-shadow fusion-flex-justify-content-flex-start fusion-content-layout-column\"><div class=\"fusion-text fusion-text-3\"><h2 class=\"\" style=\"--fontsize: 28; line-height: 1.2;\" data-fontsize=\"28\" data-lineheight=\"33.6px\">Blue Sky, la plateforme de marketing en ligne.<\/h2>\n<p>Blue Sky est la plateforme de marketing en ligne d&rsquo;Aquilae. Elle vous permet de cr\u00e9er la propre brochure de votre agence ou de r\u00e9diger votre carte de visite ou offre d&#8217;emploi en quelques clics. Des campagnes et documents commerciaux peuvent \u00e9galement y \u00eatre t\u00e9l\u00e9charg\u00e9s. Un outil de marketing en ligne tout en un.<\/p>\n<p><b>Vous aimeriez une d\u00e9mo de la brochure d&rsquo;agence Blue Sky?<\/b><\/p>\n<\/div><div ><a class=\"fusion-button button-flat fusion-button-default-size button-default fusion-button-default button-2 fusion-button-default-span fusion-button-default-type\" target=\"_self\" href=\"https:\/\/aquilae.be\/fr\/contactez-nous\/\"><span class=\"fusion-button-text awb-button__text awb-button__text--default\">Demandez votre d\u00e9mo ici<\/span><\/a><\/div><\/div><\/div><div class=\"fusion-layout-column fusion_builder_column fusion-builder-column-5 fusion_builder_column_1_2 1_2 fusion-flex-column\" style=\"--awb-bg-size:cover;--awb-width-large:50%;--awb-margin-top-large:0px;--awb-spacing-right-large:3.84%;--awb-margin-bottom-large:20px;--awb-spacing-left-large:3.84%;--awb-width-medium:50%;--awb-order-medium:0;--awb-spacing-right-medium:3.84%;--awb-spacing-left-medium:3.84%;--awb-width-small:100%;--awb-order-small:0;--awb-spacing-right-small:1.92%;--awb-spacing-left-small:1.92%;\"><div class=\"fusion-column-wrapper fusion-column-has-shadow fusion-flex-justify-content-flex-start fusion-content-layout-column\"><div class=\"fusion-image-element sm-text-align-center\" style=\"--awb-caption-title-font-family:var(--h2_typography-font-family);--awb-caption-title-font-weight:var(--h2_typography-font-weight);--awb-caption-title-font-style:var(--h2_typography-font-style);--awb-caption-title-size:var(--h2_typography-font-size);--awb-caption-title-transform:var(--h2_typography-text-transform);--awb-caption-title-line-height:var(--h2_typography-line-height);--awb-caption-title-letter-spacing:var(--h2_typography-letter-spacing);\"><span class=\" fusion-imageframe imageframe-none imageframe-4 hover-type-none\"><a class=\"fusion-no-lightbox\" href=\"https:\/\/bit.ly\/3mGXCh1\" target=\"_self\" aria-label=\"Aquilae Blue Sky\" rel=\"noopener\"><img decoding=\"async\" width=\"1920\" height=\"1267\" src=\"https:\/\/aquilae.be\/wp-content\/uploads\/2021\/06\/aquilae-blue-sky.jpg\" data-orig-src=\"https:\/\/aquilae.be\/wp-content\/uploads\/2021\/06\/aquilae-blue-sky.jpg\" alt class=\"lazyload img-responsive wp-image-3255\" srcset=\"data:image\/svg+xml,%3Csvg%20xmlns%3D%27http%3A%2F%2Fwww.w3.org%2F2000%2Fsvg%27%20width%3D%271920%27%20height%3D%271267%27%20viewBox%3D%270%200%201920%201267%27%3E%3Crect%20width%3D%271920%27%20height%3D%271267%27%20fill-opacity%3D%220%22%2F%3E%3C%2Fsvg%3E\" data-srcset=\"https:\/\/aquilae.be\/wp-content\/uploads\/2021\/06\/aquilae-blue-sky-200x132.jpg 200w, https:\/\/aquilae.be\/wp-content\/uploads\/2021\/06\/aquilae-blue-sky-400x264.jpg 400w, https:\/\/aquilae.be\/wp-content\/uploads\/2021\/06\/aquilae-blue-sky-600x396.jpg 600w, https:\/\/aquilae.be\/wp-content\/uploads\/2021\/06\/aquilae-blue-sky-800x528.jpg 800w, https:\/\/aquilae.be\/wp-content\/uploads\/2021\/06\/aquilae-blue-sky-1200x792.jpg 1200w, https:\/\/aquilae.be\/wp-content\/uploads\/2021\/06\/aquilae-blue-sky.jpg 1920w\" data-sizes=\"auto\" data-orig-sizes=\"(max-width: 640px) 100vw, 600px\" \/><\/a><\/span><\/div><\/div><\/div><\/div><\/div><div class=\"fusion-fullwidth fullwidth-box fusion-builder-row-4 fusion-flex-container nonhundred-percent-fullwidth non-hundred-percent-height-scrolling\" style=\"--awb-border-radius-top-left:0px;--awb-border-radius-top-right:0px;--awb-border-radius-bottom-right:0px;--awb-border-radius-bottom-left:0px;--awb-padding-top:33px;--awb-padding-bottom:6%;--awb-padding-right-small:20px;--awb-padding-left-small:20px;--awb-flex-wrap:wrap;\" ><div class=\"fusion-builder-row fusion-row fusion-flex-align-items-flex-start fusion-flex-justify-content-center fusion-flex-content-wrap\" style=\"max-width:1248px;margin-left: calc(-4% \/ 2 );margin-right: calc(-4% \/ 2 );\"><div class=\"fusion-layout-column fusion_builder_column fusion-builder-column-6 fusion-flex-column\" style=\"--awb-padding-top:50px;--awb-padding-right:60px;--awb-padding-left:60px;--awb-padding-right-small:20px;--awb-padding-left-small:20px;--awb-overflow:hidden;--awb-bg-color:#e3e5ff;--awb-bg-color-hover:#e3e5ff;--awb-bg-size:cover;--awb-border-radius:60px 12px 60px 12px;--awb-width-large:80%;--awb-margin-top-large:0px;--awb-spacing-right-large:2.4%;--awb-margin-bottom-large:20px;--awb-spacing-left-large:2.4%;--awb-width-medium:80%;--awb-order-medium:0;--awb-spacing-right-medium:2.4%;--awb-spacing-left-medium:2.4%;--awb-width-small:100%;--awb-order-small:0;--awb-spacing-right-small:1.92%;--awb-spacing-left-small:1.92%;\"><div class=\"fusion-column-wrapper fusion-column-has-shadow fusion-flex-justify-content-flex-start fusion-content-layout-column\"><div class=\"fusion-title title fusion-title-2 fusion-sep-none fusion-title-text fusion-title-size-two\" style=\"--awb-text-color:#3429ad;--awb-font-size:35px;\"><h2 class=\"fusion-title-heading title-heading-left fusion-responsive-typography-calculated\" style=\"font-family:&quot;Mulish&quot;;font-style:normal;font-weight:800;margin:0;letter-spacing:-1px;font-size:1em;--fontSize:35;line-height:1.2;\">Pr\u00eat \u00e0 booster votre marketing et votre communication ?<\/h2><\/div><div class=\"fusion-text fusion-text-4\"><p>Inscrivez-vous pour une d\u00e9couverte gratuite<\/p>\n<\/div><div class=\"fusion-separator fusion-full-width-sep\" style=\"align-self: center;margin-left: auto;margin-right: auto;margin-top:20px;width:100%;\"><\/div>\n<div class=\"wpcf7 no-js\" id=\"wpcf7-f3044-o1\" lang=\"fr-BE\" dir=\"ltr\" data-wpcf7-id=\"3044\">\n<div class=\"screen-reader-response\"><p role=\"status\" aria-live=\"polite\" aria-atomic=\"true\"><\/p> <ul><\/ul><\/div>\n<form action=\"\/fr\/wp-json\/wp\/v2\/pages\/2333#wpcf7-f3044-o1\" method=\"post\" class=\"wpcf7-form init\" aria-label=\"Contact form\" novalidate=\"novalidate\" data-status=\"init\">\n<fieldset class=\"hidden-fields-container\"><input type=\"hidden\" name=\"_wpcf7\" value=\"3044\" \/><input type=\"hidden\" name=\"_wpcf7_version\" value=\"6.1.5\" \/><input type=\"hidden\" name=\"_wpcf7_locale\" value=\"fr_BE\" \/><input type=\"hidden\" name=\"_wpcf7_unit_tag\" value=\"wpcf7-f3044-o1\" \/><input type=\"hidden\" name=\"_wpcf7_container_post\" value=\"0\" \/><input type=\"hidden\" name=\"_wpcf7_posted_data_hash\" value=\"\" \/><input type=\"hidden\" name=\"_wpcf7_recaptcha_response\" value=\"\" \/>\n<\/fieldset>\n<p><label> Nom*<br \/>\n<span class=\"wpcf7-form-control-wrap\" data-name=\"your-name\"><input size=\"40\" maxlength=\"400\" class=\"wpcf7-form-control wpcf7-text wpcf7-validates-as-required\" aria-required=\"true\" aria-invalid=\"false\" value=\"\" type=\"text\" name=\"your-name\" \/><\/span> <\/label>\n<\/p>\n<p><label> E-mail*<br \/>\n<span class=\"wpcf7-form-control-wrap\" data-name=\"your-email\"><input size=\"40\" maxlength=\"400\" class=\"wpcf7-form-control wpcf7-email wpcf7-validates-as-required wpcf7-text wpcf7-validates-as-email\" aria-required=\"true\" aria-invalid=\"false\" value=\"\" type=\"email\" name=\"your-email\" \/><\/span> <\/label>\n<\/p>\n<p><label> Num\u00e9ro de t\u00e9l\u00e9phone*<br \/>\n<span class=\"wpcf7-form-control-wrap\" data-name=\"Telefoonnummer\"><input size=\"40\" maxlength=\"400\" class=\"wpcf7-form-control wpcf7-tel wpcf7-validates-as-required wpcf7-text wpcf7-validates-as-tel\" aria-required=\"true\" aria-invalid=\"false\" value=\"\" type=\"tel\" name=\"Telefoonnummer\" \/><\/span><\/label>\n<\/p>\n<p>Nous nous soucions <u><a href=\"https:\/\/aquilae.be\/fr\/declaration-de-confidentialite\" target=\"_blank\">de votre vie priv\u00e9e.<\/a><\/u>.\n<\/p>\n<p><input class=\"wpcf7-form-control wpcf7-submit has-spinner\" type=\"submit\" value=\"Envoyer\" \/>\n<\/p><p style=\"display: none !important;\" class=\"akismet-fields-container\" data-prefix=\"_wpcf7_ak_\"><label>&#916;<textarea name=\"_wpcf7_ak_hp_textarea\" cols=\"45\" rows=\"8\" maxlength=\"100\"><\/textarea><\/label><input type=\"hidden\" id=\"ak_js_1\" name=\"_wpcf7_ak_js\" value=\"89\"\/><script>document.getElementById( \"ak_js_1\" ).setAttribute( \"value\", ( new Date() ).getTime() );<\/script><\/p><div class=\"fusion-alert alert custom alert-custom fusion-alert-center wpcf7-response-output awb-alert-native-link-color alert-dismissable awb-alert-close-boxed\" style=\"--awb-border-size:1px;--awb-border-top-left-radius:0px;--awb-border-top-right-radius:0px;--awb-border-bottom-left-radius:0px;--awb-border-bottom-right-radius:0px;\" role=\"alert\"><div class=\"fusion-alert-content-wrapper\"><span class=\"fusion-alert-content\"><\/span><\/div><button type=\"button\" class=\"close toggle-alert\" data-dismiss=\"alert\" aria-label=\"Close\">&times;<\/button><\/div>\n<\/form>\n<\/div>\n<\/div><\/div><\/div><\/div><\/p>\n","protected":false},"excerpt":{"rendered":"","protected":false},"author":1,"featured_media":0,"parent":0,"menu_order":0,"comment_status":"closed","ping_status":"closed","template":"100-width.php","meta":{"_coblocks_attr":"","_coblocks_dimensions":"","_coblocks_responsive_height":"","_coblocks_accordion_ie_support":"","footnotes":""},"class_list":["post-2333","page","type-page","status-publish","hentry"],"_links":{"self":[{"href":"https:\/\/aquilae.be\/fr\/wp-json\/wp\/v2\/pages\/2333","targetHints":{"allow":["GET"]}}],"collection":[{"href":"https:\/\/aquilae.be\/fr\/wp-json\/wp\/v2\/pages"}],"about":[{"href":"https:\/\/aquilae.be\/fr\/wp-json\/wp\/v2\/types\/page"}],"author":[{"embeddable":true,"href":"https:\/\/aquilae.be\/fr\/wp-json\/wp\/v2\/users\/1"}],"replies":[{"embeddable":true,"href":"https:\/\/aquilae.be\/fr\/wp-json\/wp\/v2\/comments?post=2333"}],"version-history":[{"count":22,"href":"https:\/\/aquilae.be\/fr\/wp-json\/wp\/v2\/pages\/2333\/revisions"}],"predecessor-version":[{"id":3043,"href":"https:\/\/aquilae.be\/fr\/wp-json\/wp\/v2\/pages\/2333\/revisions\/3043"}],"wp:attachment":[{"href":"https:\/\/aquilae.be\/fr\/wp-json\/wp\/v2\/media?parent=2333"}],"curies":[{"name":"wp","href":"https:\/\/api.w.org\/{rel}","templated":true}]}}