{"id":2312,"date":"2021-04-24T09:03:00","date_gmt":"2021-04-24T07:03:00","guid":{"rendered":"https:\/\/aquilae.be\/academy\/"},"modified":"2023-08-07T14:00:38","modified_gmt":"2023-08-07T12:00:38","slug":"expertises-academy","status":"publish","type":"page","link":"https:\/\/aquilae.be\/fr\/expertises\/academy\/","title":{"rendered":"Academy"},"content":{"rendered":"<p><div class=\"fusion-fullwidth fullwidth-box fusion-builder-row-1 fusion-flex-container nonhundred-percent-fullwidth non-hundred-percent-height-scrolling\" style=\"--awb-border-radius-top-left:0px;--awb-border-radius-top-right:0px;--awb-border-radius-bottom-right:0px;--awb-border-radius-bottom-left:0px;--awb-padding-right:10%;--awb-padding-bottom:6%;--awb-padding-left:10%;--awb-padding-right-small:20px;--awb-padding-left-small:20px;--awb-flex-wrap:wrap;\" ><div class=\"fusion-builder-row fusion-row fusion-flex-align-items-flex-start fusion-flex-justify-content-flex-end fusion-flex-content-wrap\" style=\"max-width:1248px;margin-left: calc(-4% \/ 2 );margin-right: calc(-4% \/ 2 );\"><div class=\"fusion-layout-column fusion_builder_column fusion-builder-column-0 fusion-flex-column\" style=\"--awb-bg-size:cover;--awb-width-large:45%;--awb-margin-top-large:0px;--awb-spacing-right-large:4.2666666666667%;--awb-margin-bottom-large:20px;--awb-spacing-left-large:4.2666666666667%;--awb-width-medium:45%;--awb-order-medium:0;--awb-spacing-right-medium:4.2666666666667%;--awb-spacing-left-medium:4.2666666666667%;--awb-width-small:100%;--awb-order-small:0;--awb-spacing-right-small:1.92%;--awb-spacing-left-small:1.92%;\"><div class=\"fusion-column-wrapper fusion-column-has-shadow fusion-flex-justify-content-flex-start fusion-content-layout-column\"><div class=\"fusion-title title fusion-title-1 fusion-sep-none fusion-title-text fusion-title-size-two\" style=\"--awb-font-size:35px;\"><h2 class=\"fusion-title-heading title-heading-left fusion-responsive-typography-calculated\" style=\"font-family:&quot;Mulish&quot;;font-style:normal;font-weight:800;margin:0;letter-spacing:-1px;font-size:1em;--fontSize:35;line-height:1.2;\">En quoi l&rsquo;Aquilae Academy vous aide-t-elle?<\/h2><\/div><div class=\"fusion-image-element \" style=\"--awb-margin-top:5px;--awb-margin-bottom:20px;--awb-max-width:70px;--awb-caption-title-font-family:var(--h2_typography-font-family);--awb-caption-title-font-weight:var(--h2_typography-font-weight);--awb-caption-title-font-style:var(--h2_typography-font-style);--awb-caption-title-size:var(--h2_typography-font-size);--awb-caption-title-transform:var(--h2_typography-text-transform);--awb-caption-title-line-height:var(--h2_typography-line-height);--awb-caption-title-letter-spacing:var(--h2_typography-letter-spacing);\"><span class=\" fusion-imageframe imageframe-none imageframe-1 hover-type-none\"><img decoding=\"async\" width=\"141\" height=\"30\" title=\"aquilaet-separator\" src=\"data:image\/svg+xml,%3Csvg%20xmlns%3D%27http%3A%2F%2Fwww.w3.org%2F2000%2Fsvg%27%20width%3D%27141%27%20height%3D%2730%27%20viewBox%3D%270%200%20141%2030%27%3E%3Crect%20width%3D%27141%27%20height%3D%2730%27%20fill-opacity%3D%220%22%2F%3E%3C%2Fsvg%3E\" data-orig-src=\"https:\/\/aquilae.be\/wp-content\/uploads\/2021\/04\/aquilaet-separator-1.png\" alt class=\"lazyload img-responsive wp-image-3238\"\/><\/span><\/div><div class=\"fusion-text fusion-text-1\"><p>Les formations de l&rsquo;Aquilae Academy visent avant tout \u00e0 augmenter le chiffre d&rsquo;affaires et la force commerciale de votre agence. Bien s\u00fbr, elles sont \u00e9galement consacr\u00e9es aux outils num\u00e9riques et aux nouveaux m\u00e9dias qui peuvent \u00eatre utilis\u00e9s dans les contacts avec vos clients et prospects.<\/p>\n<\/div><div class=\"accordian fusion-accordian\" style=\"--awb-border-size:1px;--awb-icon-size:25px;--awb-content-font-size:16px;--awb-icon-alignment:left;--awb-hover-color:#f9f9fb;--awb-border-color:#e2e2e2;--awb-background-color:#ffffff;--awb-divider-color:#e2e2e2;--awb-divider-hover-color:#e2e2e2;--awb-icon-color:#584de2;--awb-title-color:#212934;--awb-content-color:#4a4e57;--awb-icon-box-color:#212934;--awb-toggle-hover-accent-color:#584de2;--awb-title-font-family:&quot;Mulish&quot;;--awb-title-font-weight:600;--awb-title-font-style:normal;--awb-content-font-family:&quot;Mulish&quot;;--awb-content-font-style:normal;--awb-content-font-weight:400;\"><div class=\"panel-group fusion-toggle-icon-unboxed\" id=\"accordion-2312-1\"><div class=\"fusion-panel panel-default panel-9f7c07af74802cebe fusion-toggle-has-divider\"><div class=\"panel-heading\"><h4 class=\"panel-title toggle\" id=\"toggle_9f7c07af74802cebe\"><a class=\"active\" aria-expanded=\"true\" aria-controls=\"9f7c07af74802cebe\" role=\"button\" data-toggle=\"collapse\" data-target=\"#9f7c07af74802cebe\" href=\"#9f7c07af74802cebe\"><span class=\"fusion-toggle-icon-wrapper\" aria-hidden=\"true\"><i class=\"fa-fusion-box active-icon awb-icon-minus\" aria-hidden=\"true\"><\/i><i class=\"fa-fusion-box inactive-icon awb-icon-plus\" aria-hidden=\"true\"><\/i><\/span><span class=\"fusion-toggle-heading\">De quelles formations s'agit-il ?<\/span><\/a><\/h4><\/div><div id=\"9f7c07af74802cebe\" class=\"panel-collapse collapse in\" aria-labelledby=\"toggle_9f7c07af74802cebe\"><div class=\"panel-body toggle-content fusion-clearfix\">\nLe programme de formation est \u00e9labor\u00e9 apr\u00e8s une enqu\u00eate aupr\u00e8s des membres. En d&rsquo;autres termes, il s&rsquo;agit d&rsquo;une formation \u00ab sur mesure \u00bb pour les membres. Ainsi, des formations ont \u00e9t\u00e9\/sont d\u00e9j\u00e0 pr\u00e9vues sur la gestion des leads, la prospection aupr\u00e8s d&rsquo;ind\u00e9pendants et d&rsquo;entreprises, le plan marketing et comment augmenter la force commerciale des collaborateurs.<\/div><\/div><\/div><div class=\"fusion-panel panel-default panel-9e88982f702f66464 fusion-toggle-has-divider\"><div class=\"panel-heading\"><h4 class=\"panel-title toggle\" id=\"toggle_9e88982f702f66464\"><a aria-expanded=\"false\" aria-controls=\"9e88982f702f66464\" role=\"button\" data-toggle=\"collapse\" data-target=\"#9e88982f702f66464\" href=\"#9e88982f702f66464\"><span class=\"fusion-toggle-icon-wrapper\" aria-hidden=\"true\"><i class=\"fa-fusion-box active-icon awb-icon-minus\" aria-hidden=\"true\"><\/i><i class=\"fa-fusion-box inactive-icon awb-icon-plus\" aria-hidden=\"true\"><\/i><\/span><span class=\"fusion-toggle-heading\">Qui anime les formations?<\/span><\/a><\/h4><\/div><div id=\"9e88982f702f66464\" class=\"panel-collapse collapse \" aria-labelledby=\"toggle_9e88982f702f66464\"><div class=\"panel-body toggle-content fusion-clearfix\">\nNous faisons appel \u00e0 des formateurs professionnels qui \u00e9laborent les sessions apr\u00e8s des entretiens pr\u00e9liminaires avec les participants. Les formations sont organis\u00e9es en pr\u00e9sentiel ou en ligne. Bien entendu, des points FSMA sont \u00e9galement attribu\u00e9s, lorsque c\u2019est autoris\u00e9 bien s\u00fbr. Les formations se d\u00e9roulent en groupes restreints (8-10 personnes) afin de favoriser l&rsquo;interaction.<\/div><\/div><\/div><div class=\"fusion-panel panel-default panel-c15bc1ee56ea4e8f9 fusion-toggle-has-divider\"><div class=\"panel-heading\"><h4 class=\"panel-title toggle\" id=\"toggle_c15bc1ee56ea4e8f9\"><a aria-expanded=\"false\" aria-controls=\"c15bc1ee56ea4e8f9\" role=\"button\" data-toggle=\"collapse\" data-target=\"#c15bc1ee56ea4e8f9\" href=\"#c15bc1ee56ea4e8f9\"><span class=\"fusion-toggle-icon-wrapper\" aria-hidden=\"true\"><i class=\"fa-fusion-box active-icon awb-icon-minus\" aria-hidden=\"true\"><\/i><i class=\"fa-fusion-box inactive-icon awb-icon-plus\" aria-hidden=\"true\"><\/i><\/span><span class=\"fusion-toggle-heading\">Combien co\u00fbtent les formations?<\/span><\/a><\/h4><\/div><div id=\"c15bc1ee56ea4e8f9\" class=\"panel-collapse collapse \" aria-labelledby=\"toggle_c15bc1ee56ea4e8f9\"><div class=\"panel-body toggle-content fusion-clearfix\">\nLa pr\u00e9paration des formations est incluse dans la cotisation. Le co\u00fbt du formateur est assum\u00e9 par le membre, mais \u00e0 un tarif pr\u00e9f\u00e9rentiel. Dans la mesure du possible, les participants b\u00e9n\u00e9ficient de subsides dans le cadre du \u00ab KMO-portefeuille \u00bb.<\/div><\/div><\/div><\/div><\/div><\/div><\/div><div class=\"fusion-layout-column fusion_builder_column fusion-builder-column-1 fusion-flex-column\" style=\"--awb-bg-size:cover;--awb-width-large:55%;--awb-margin-top-large:0px;--awb-spacing-right-large:3.4909090909091%;--awb-margin-bottom-large:20px;--awb-spacing-left-large:3.4909090909091%;--awb-width-medium:55%;--awb-order-medium:0;--awb-spacing-right-medium:3.4909090909091%;--awb-spacing-left-medium:3.4909090909091%;--awb-width-small:100%;--awb-order-small:0;--awb-spacing-right-small:1.92%;--awb-spacing-left-small:1.92%;\"><div class=\"fusion-column-wrapper fusion-column-has-shadow fusion-flex-justify-content-flex-start fusion-content-layout-column\"><div class=\"fusion-builder-row fusion-builder-row-inner fusion-row fusion-flex-align-items-flex-start fusion-flex-justify-content-flex-end fusion-flex-content-wrap\" style=\"width:104% !important;max-width:104% !important;margin-left: calc(-4% \/ 2 );margin-right: calc(-4% \/ 2 );\"><div class=\"fusion-layout-column fusion_builder_column_inner fusion-builder-nested-column-0 fusion-flex-column\" style=\"--awb-padding-top:50px;--awb-padding-right:70px;--awb-padding-bottom:30px;--awb-padding-left:70px;--awb-padding-right-small:25px;--awb-padding-left-small:25px;--awb-overflow:hidden;--awb-bg-color:#702dd8;--awb-bg-color-hover:#702dd8;--awb-bg-size:cover;--awb-border-radius:60px 12px 60px 12px;--awb-width-large:85%;--awb-margin-top-large:0px;--awb-spacing-right-large:2.2588235294118%;--awb-margin-bottom-large:50px;--awb-spacing-left-large:2.2588235294118%;--awb-width-medium:85%;--awb-order-medium:0;--awb-spacing-right-medium:2.2588235294118%;--awb-spacing-left-medium:2.2588235294118%;--awb-width-small:100%;--awb-order-small:0;--awb-margin-top-small:45px;--awb-spacing-right-small:1.92%;--awb-spacing-left-small:1.92%;\"><div class=\"fusion-column-wrapper fusion-column-has-shadow fusion-flex-justify-content-flex-start fusion-content-layout-column\"><div class=\"fusion-title title fusion-title-2 fusion-sep-none fusion-title-center fusion-title-text fusion-title-size-two\" style=\"--awb-text-color:#ffffff;--awb-margin-bottom:5px;--awb-font-size:35px;\"><h2 class=\"fusion-title-heading title-heading-center fusion-responsive-typography-calculated\" style=\"font-family:&quot;Mulish&quot;;font-style:normal;font-weight:800;margin:0;letter-spacing:-1px;font-size:1em;--fontSize:35;line-height:1.2;\">Pourquoi est-il important de consacrer du temps \u00e0 la formation?<\/h2><\/div><div class=\"fusion-text fusion-text-2\" style=\"--awb-content-alignment:center;--awb-font-size:14px;--awb-text-color:#ffffff;\"><p>Consacrer du temps \u00e0 la formation, c&rsquo;est investir dans l&rsquo;avenir des collaborateurs, dans l&rsquo;avenir de l&rsquo;entreprise. La formation vous permet d&rsquo;augmenter vos opportunit\u00e9s d&rsquo;apprentissage ainsi que de d\u00e9velopper, d&rsquo;\u00e9largir et d&rsquo;approfondir vos comp\u00e9tences. Elle vous permet \u00e9galement d&rsquo;acqu\u00e9rir de nouvelles comp\u00e9tences qui sont n\u00e9cessaires dans une \u00e9conomie en mutation, telles que des comp\u00e9tences num\u00e9riques. La productivit\u00e9 augmente, ce qui est \u00e9videmment positif pour les r\u00e9sultats de l&rsquo;entreprise ou de l&rsquo;organisation. La formation est \u00e9galement dans l&rsquo;int\u00e9r\u00eat du travailleur. Celui-ci construit sa propre carri\u00e8re, sera moins susceptible de chercher un autre emploi ou de penser qu&rsquo;il va perdre son emploi et est plus fort sur le march\u00e9 du travail. Les entrepreneurs qui investissent dans leur propre formation r\u00e9ussissent mieux dans leur entreprenariat.<\/p>\n<p><strong>Source:<\/strong> werkbaar werk<\/p>\n<\/div><\/div><\/div><div class=\"fusion-layout-column fusion_builder_column_inner fusion-builder-nested-column-1 fusion-flex-column fusion-no-small-visibility\" style=\"--awb-bg-size:cover;--awb-width-large:10%;--awb-margin-top-large:0px;--awb-spacing-right-large:19.2%;--awb-margin-bottom-large:20px;--awb-spacing-left-large:19.2%;--awb-width-medium:10%;--awb-order-medium:0;--awb-spacing-right-medium:19.2%;--awb-spacing-left-medium:19.2%;--awb-width-small:100%;--awb-order-small:0;--awb-spacing-right-small:1.92%;--awb-spacing-left-small:1.92%;\"><div class=\"fusion-column-wrapper fusion-column-has-shadow fusion-flex-justify-content-flex-start fusion-content-layout-column\"><\/div><\/div><\/div><div class=\"fusion-builder-row fusion-builder-row-inner fusion-row fusion-flex-align-items-flex-start fusion-flex-justify-content-flex-end fusion-flex-content-wrap\" style=\"width:104% !important;max-width:104% !important;margin-left: calc(-4% \/ 2 );margin-right: calc(-4% \/ 2 );\"><div class=\"fusion-layout-column fusion_builder_column_inner fusion-builder-nested-column-2 fusion-flex-column fusion-no-small-visibility\" style=\"--awb-bg-size:cover;--awb-width-large:10%;--awb-margin-top-large:0px;--awb-spacing-right-large:19.2%;--awb-margin-bottom-large:20px;--awb-spacing-left-large:19.2%;--awb-width-medium:10%;--awb-order-medium:0;--awb-spacing-right-medium:19.2%;--awb-spacing-left-medium:19.2%;--awb-width-small:100%;--awb-order-small:0;--awb-spacing-right-small:1.92%;--awb-spacing-left-small:1.92%;\"><div class=\"fusion-column-wrapper fusion-column-has-shadow fusion-flex-justify-content-flex-start fusion-content-layout-column\"><\/div><\/div><div class=\"fusion-layout-column fusion_builder_column_inner fusion-builder-nested-column-3 fusion-flex-column\" style=\"--awb-padding-top:50px;--awb-padding-right:70px;--awb-padding-bottom:30px;--awb-padding-left:70px;--awb-padding-right-small:25px;--awb-padding-left-small:25px;--awb-overflow:hidden;--awb-bg-color:#f39200;--awb-bg-color-hover:#f39200;--awb-bg-size:cover;--awb-border-radius:60px 12px 60px 12px;--awb-width-large:85%;--awb-margin-top-large:0px;--awb-spacing-right-large:2.2588235294118%;--awb-margin-bottom-large:20px;--awb-spacing-left-large:2.2588235294118%;--awb-width-medium:85%;--awb-order-medium:0;--awb-spacing-right-medium:2.2588235294118%;--awb-spacing-left-medium:2.2588235294118%;--awb-width-small:100%;--awb-order-small:0;--awb-spacing-right-small:1.92%;--awb-spacing-left-small:1.92%;\"><div class=\"fusion-column-wrapper fusion-column-has-shadow fusion-flex-justify-content-flex-start fusion-content-layout-column\"><div class=\"fusion-title title fusion-title-3 fusion-sep-none fusion-title-center fusion-title-text fusion-title-size-two\" style=\"--awb-text-color:#ffffff;--awb-margin-bottom:5px;--awb-font-size:35px;\"><h2 class=\"fusion-title-heading title-heading-center fusion-responsive-typography-calculated\" style=\"font-family:&quot;Mulish&quot;;font-style:normal;font-weight:800;margin:0;letter-spacing:-1px;font-size:1em;--fontSize:35;line-height:1.2;\">Formations avec des points FSMA<\/h2><\/div><div class=\"fusion-text fusion-text-3\" style=\"--awb-content-alignment:center;--awb-font-size:14px;--awb-text-color:#ffffff;\"><p>Les formations de l&rsquo;Aquilae Academy permettent de gagner des points FSMA en fonction du formateur et du contenu de la formation, bien entendu.<\/p>\n<\/div><\/div><\/div><\/div><\/div><\/div><\/div><\/div><div class=\"fusion-fullwidth fullwidth-box fusion-builder-row-2 fusion-flex-container nonhundred-percent-fullwidth non-hundred-percent-height-scrolling\" style=\"--awb-border-radius-top-left:0px;--awb-border-radius-top-right:0px;--awb-border-radius-bottom-right:0px;--awb-border-radius-bottom-left:0px;--awb-padding-bottom:6%;--awb-padding-right-small:20px;--awb-padding-left-small:20px;--awb-flex-wrap:wrap;\" ><div class=\"fusion-builder-row fusion-row fusion-flex-align-items-flex-start fusion-flex-justify-content-center fusion-flex-content-wrap\" style=\"max-width:1248px;margin-left: calc(-4% \/ 2 );margin-right: calc(-4% \/ 2 );\"><div class=\"fusion-layout-column fusion_builder_column fusion-builder-column-2 fusion-flex-column\" style=\"--awb-padding-top:50px;--awb-padding-right:60px;--awb-padding-left:60px;--awb-padding-right-small:20px;--awb-padding-left-small:20px;--awb-overflow:hidden;--awb-bg-color:#e3e5ff;--awb-bg-color-hover:#e3e5ff;--awb-bg-size:cover;--awb-border-radius:60px 12px 60px 12px;--awb-width-large:80%;--awb-margin-top-large:0px;--awb-spacing-right-large:2.4%;--awb-margin-bottom-large:20px;--awb-spacing-left-large:2.4%;--awb-width-medium:80%;--awb-order-medium:0;--awb-spacing-right-medium:2.4%;--awb-spacing-left-medium:2.4%;--awb-width-small:100%;--awb-order-small:0;--awb-spacing-right-small:1.92%;--awb-spacing-left-small:1.92%;\"><div class=\"fusion-column-wrapper fusion-column-has-shadow fusion-flex-justify-content-flex-start fusion-content-layout-column\"><div class=\"fusion-title title fusion-title-4 fusion-sep-none fusion-title-text fusion-title-size-two\" style=\"--awb-text-color:#3429ad;--awb-font-size:35px;\"><h2 class=\"fusion-title-heading title-heading-left fusion-responsive-typography-calculated\" style=\"font-family:&quot;Mulish&quot;;font-style:normal;font-weight:800;margin:0;letter-spacing:-1px;font-size:1em;--fontSize:35;line-height:1.2;\">Inscrivez-vous \u00e0 une pr\u00e9sentation de notre Aquilae Academy<\/h2><\/div><div class=\"fusion-text fusion-text-4\"><p>Si vous souhaitez participer \u00e0 une formation, nous vous invitons \u00e0 contacter Patricia.<\/p>\n<\/div><div class=\"fusion-separator fusion-full-width-sep\" style=\"align-self: center;margin-left: auto;margin-right: auto;margin-top:20px;width:100%;\"><\/div>\n<div class=\"wpcf7 no-js\" id=\"wpcf7-f3032-o1\" lang=\"fr-BE\" dir=\"ltr\" data-wpcf7-id=\"3032\">\n<div class=\"screen-reader-response\"><p role=\"status\" aria-live=\"polite\" aria-atomic=\"true\"><\/p> <ul><\/ul><\/div>\n<form action=\"\/fr\/wp-json\/wp\/v2\/pages\/2312#wpcf7-f3032-o1\" method=\"post\" class=\"wpcf7-form init\" aria-label=\"Contact form\" novalidate=\"novalidate\" data-status=\"init\">\n<fieldset class=\"hidden-fields-container\"><input type=\"hidden\" name=\"_wpcf7\" value=\"3032\" \/><input type=\"hidden\" name=\"_wpcf7_version\" value=\"6.1.5\" \/><input type=\"hidden\" name=\"_wpcf7_locale\" value=\"fr_BE\" \/><input type=\"hidden\" name=\"_wpcf7_unit_tag\" value=\"wpcf7-f3032-o1\" \/><input type=\"hidden\" name=\"_wpcf7_container_post\" value=\"0\" \/><input type=\"hidden\" name=\"_wpcf7_posted_data_hash\" value=\"\" \/><input type=\"hidden\" name=\"_wpcf7_recaptcha_response\" value=\"\" \/>\n<\/fieldset>\n<p><label> Nom*<br \/>\n<span class=\"wpcf7-form-control-wrap\" data-name=\"your-name\"><input size=\"40\" maxlength=\"400\" class=\"wpcf7-form-control wpcf7-text wpcf7-validates-as-required\" aria-required=\"true\" aria-invalid=\"false\" value=\"\" type=\"text\" name=\"your-name\" \/><\/span> <\/label>\n<\/p>\n<p><label> E-mail*<br \/>\n<span class=\"wpcf7-form-control-wrap\" data-name=\"your-email\"><input size=\"40\" maxlength=\"400\" class=\"wpcf7-form-control wpcf7-email wpcf7-validates-as-required wpcf7-text wpcf7-validates-as-email\" aria-required=\"true\" aria-invalid=\"false\" value=\"\" type=\"email\" name=\"your-email\" \/><\/span> <\/label>\n<\/p>\n<p><label> Num\u00e9ro de t\u00e9l\u00e9phone*<br \/>\n<span class=\"wpcf7-form-control-wrap\" data-name=\"Telefoonnummer\"><input size=\"40\" maxlength=\"400\" class=\"wpcf7-form-control wpcf7-tel wpcf7-validates-as-required wpcf7-text wpcf7-validates-as-tel\" aria-required=\"true\" aria-invalid=\"false\" value=\"\" type=\"tel\" name=\"Telefoonnummer\" \/><\/span><\/label>\n<\/p>\n<p>Nous nous soucions <u><a href=\"https:\/\/aquilae.be\/fr\/declaration-de-confidentialite\" target=\"_blank\">de votre vie priv\u00e9e.<\/a><\/u>.\n<\/p>\n<p><input class=\"wpcf7-form-control wpcf7-submit has-spinner\" type=\"submit\" value=\"Envoyer\" \/>\n<\/p><p style=\"display: none !important;\" class=\"akismet-fields-container\" data-prefix=\"_wpcf7_ak_\"><label>&#916;<textarea name=\"_wpcf7_ak_hp_textarea\" cols=\"45\" rows=\"8\" maxlength=\"100\"><\/textarea><\/label><input type=\"hidden\" id=\"ak_js_1\" name=\"_wpcf7_ak_js\" value=\"23\"\/><script>document.getElementById( \"ak_js_1\" ).setAttribute( \"value\", ( new Date() ).getTime() );<\/script><\/p><div class=\"fusion-alert alert custom alert-custom fusion-alert-center wpcf7-response-output awb-alert-native-link-color alert-dismissable awb-alert-close-boxed\" style=\"--awb-border-size:1px;--awb-border-top-left-radius:0px;--awb-border-top-right-radius:0px;--awb-border-bottom-left-radius:0px;--awb-border-bottom-right-radius:0px;\" role=\"alert\"><div class=\"fusion-alert-content-wrapper\"><span class=\"fusion-alert-content\"><\/span><\/div><button type=\"button\" class=\"close toggle-alert\" data-dismiss=\"alert\" aria-label=\"Close\">&times;<\/button><\/div>\n<\/form>\n<\/div>\n<\/div><\/div><\/div><\/div><\/p>\n","protected":false},"excerpt":{"rendered":"","protected":false},"author":1,"featured_media":0,"parent":0,"menu_order":0,"comment_status":"closed","ping_status":"closed","template":"100-width.php","meta":{"_coblocks_attr":"","_coblocks_dimensions":"","_coblocks_responsive_height":"","_coblocks_accordion_ie_support":"","footnotes":""},"class_list":["post-2312","page","type-page","status-publish","hentry"],"_links":{"self":[{"href":"https:\/\/aquilae.be\/fr\/wp-json\/wp\/v2\/pages\/2312","targetHints":{"allow":["GET"]}}],"collection":[{"href":"https:\/\/aquilae.be\/fr\/wp-json\/wp\/v2\/pages"}],"about":[{"href":"https:\/\/aquilae.be\/fr\/wp-json\/wp\/v2\/types\/page"}],"author":[{"embeddable":true,"href":"https:\/\/aquilae.be\/fr\/wp-json\/wp\/v2\/users\/1"}],"replies":[{"embeddable":true,"href":"https:\/\/aquilae.be\/fr\/wp-json\/wp\/v2\/comments?post=2312"}],"version-history":[{"count":9,"href":"https:\/\/aquilae.be\/fr\/wp-json\/wp\/v2\/pages\/2312\/revisions"}],"predecessor-version":[{"id":6153,"href":"https:\/\/aquilae.be\/fr\/wp-json\/wp\/v2\/pages\/2312\/revisions\/6153"}],"wp:attachment":[{"href":"https:\/\/aquilae.be\/fr\/wp-json\/wp\/v2\/media?parent=2312"}],"curies":[{"name":"wp","href":"https:\/\/api.w.org\/{rel}","templated":true}]}}